{"id":15851,"date":"2014-11-12T15:12:37","date_gmt":"2014-11-12T04:12:37","guid":{"rendered":"http:\/\/www.horsemagazine.com\/thm\/?page_id=15851"},"modified":"2015-01-22T11:05:05","modified_gmt":"2015-01-22T00:05:05","slug":"bockmann-gilbert","status":"publish","type":"page","link":"https:\/\/www.horsemagazine.com\/thm\/whos-who\/bockmann-gilbert\/","title":{"rendered":"B\u00f6ckmann, Gilbert"},"content":{"rendered":"<p>One of four sons of Anton B\u00f6ckmann, founder of the B\u00f6ckmann vehicles and trailers.<\/p>\n<p>Manages the family&#8217;s training and competition stables in Lastrup.<\/p>\n<p>Coach of the Australian show jumping team since 2007.<\/p>\n<ul>\n<li>2000 &#8211; third place with the German team in the Nations Cup in Dublin, first place in the Nations Cup in Buenos Aires.<\/li>\n<li>2001 &#8211; first and second in the Grand Prix at Gross Viegeln.<\/li>\n<li>2006 &#8211; first place in the Grand Prix at Rulle.<\/li>\n<li>2007 &#8211; fourth in the Grand Prix in Wiesbaden, third in the Grand Prix in Hannover, third in the Grand Prix in Kiel, second with the team in the Nations Cup at Lummen.<\/li>\n<li>2009 &#8211; fourth in the Grand Prix in Wiesbaden, first in the Grand Prix in M\u00fcnster, second in the Word Cup in Verona, second with the team in the Nations Cup in Gijon.<\/li>\n<li>2010 &#8211; second in the Grand Prix at Bremen.<\/li>\n<\/ul>\n<p><a title=\"www.boeckmann-pferde.com\" href=\"http:\/\/www.boeckmann-pferde.com\">www.boeckmann-pferde.com<\/a><\/p>\n","protected":false},"excerpt":{"rendered":"<p>One of four sons of Anton B\u00f6ckmann, founder of the B\u00f6ckmann vehicles and trailers. Manages the family&#8217;s training and competition stables in Lastrup. Coach of the Australian show jumping team since 2007. 2000 &#8211; third place with the German team in the Nations Cup in Dublin, first place in the Nations Cup in Buenos Aires. [&hellip;]<\/p>\n","protected":false},"author":1,"featured_media":15852,"parent":14165,"menu_order":0,"comment_status":"closed","ping_status":"open","template":"","meta":{"_acf_changed":false,"nf_dc_page":"","_monsterinsights_skip_tracking":false,"_monsterinsights_sitenote_active":false,"_monsterinsights_sitenote_note":"","_monsterinsights_sitenote_category":0,"footnotes":""},"class_list":["post-15851","page","type-page","status-publish","has-post-thumbnail","hentry"],"acf":[],"post_mailing_queue_ids":[],"_links":{"self":[{"href":"https:\/\/www.horsemagazine.com\/thm\/wp-json\/wp\/v2\/pages\/15851","targetHints":{"allow":["GET"]}}],"collection":[{"href":"https:\/\/www.horsemagazine.com\/thm\/wp-json\/wp\/v2\/pages"}],"about":[{"href":"https:\/\/www.horsemagazine.com\/thm\/wp-json\/wp\/v2\/types\/page"}],"author":[{"embeddable":true,"href":"https:\/\/www.horsemagazine.com\/thm\/wp-json\/wp\/v2\/users\/1"}],"replies":[{"embeddable":true,"href":"https:\/\/www.horsemagazine.com\/thm\/wp-json\/wp\/v2\/comments?post=15851"}],"version-history":[{"count":1,"href":"https:\/\/www.horsemagazine.com\/thm\/wp-json\/wp\/v2\/pages\/15851\/revisions"}],"predecessor-version":[{"id":15853,"href":"https:\/\/www.horsemagazine.com\/thm\/wp-json\/wp\/v2\/pages\/15851\/revisions\/15853"}],"up":[{"embeddable":true,"href":"https:\/\/www.horsemagazine.com\/thm\/wp-json\/wp\/v2\/pages\/14165"}],"wp:featuredmedia":[{"embeddable":true,"href":"https:\/\/www.horsemagazine.com\/thm\/wp-json\/wp\/v2\/media\/15852"}],"wp:attachment":[{"href":"https:\/\/www.horsemagazine.com\/thm\/wp-json\/wp\/v2\/media?parent=15851"}],"curies":[{"name":"wp","href":"https:\/\/api.w.org\/{rel}","templated":true}]}}