{"id":15973,"date":"2014-11-12T16:40:04","date_gmt":"2014-11-12T05:40:04","guid":{"rendered":"http:\/\/www.horsemagazine.com\/thm\/?page_id=15973"},"modified":"2015-01-22T11:06:09","modified_gmt":"2015-01-22T00:06:09","slug":"evain-arnaud","status":"publish","type":"page","link":"https:\/\/www.horsemagazine.com\/thm\/whos-who\/evain-arnaud\/","title":{"rendered":"Evain, Arnaud"},"content":{"rendered":"<p>Arnaud is widely respected as a judge of horses, and an expert, and provocative, commentator<\/p>\n<p>\u201cI started to ride in front of the saddle of my father when I was 3 years and stopped at 21, after few good results in the sport ( Normandy junior champion&#8230;) when I realized that my future in horses was more using my brain than my riding ability!\u201d<\/p>\n<p>\u201cFences Auction was created in 1989 (25 years ago!) and GFE was created in 2003 taking over the stallions part of the business of PHI, created in 1986 (with Joyau d&#8217;Or , Narcos , Le Tot de Semilly in our first catalogues and later Quidam , Baloubet &#8230;)\u201d<\/p>\n<p><strong>Publications<\/strong><\/p>\n<p>Encyclop\u00e9die des Lign\u00e9es Maternelles du Cheval de Sport Fran\u00e7ais<\/p>\n<p><a href=\"http:\/\/www.gfeweb.com\">www.gfeweb.com<\/a><\/p>\n","protected":false},"excerpt":{"rendered":"<p>Arnaud is widely respected as a judge of horses, and an expert, and provocative, commentator \u201cI started to ride in front of the saddle of my father when I was 3 years and stopped at 21, after few good results in the sport ( Normandy junior champion&#8230;) when I realized that my future in horses [&hellip;]<\/p>\n","protected":false},"author":1,"featured_media":15978,"parent":14165,"menu_order":0,"comment_status":"closed","ping_status":"open","template":"","meta":{"_acf_changed":false,"nf_dc_page":"","_monsterinsights_skip_tracking":false,"_monsterinsights_sitenote_active":false,"_monsterinsights_sitenote_note":"","_monsterinsights_sitenote_category":0,"footnotes":""},"class_list":["post-15973","page","type-page","status-publish","has-post-thumbnail","hentry"],"acf":[],"post_mailing_queue_ids":[],"_links":{"self":[{"href":"https:\/\/www.horsemagazine.com\/thm\/wp-json\/wp\/v2\/pages\/15973","targetHints":{"allow":["GET"]}}],"collection":[{"href":"https:\/\/www.horsemagazine.com\/thm\/wp-json\/wp\/v2\/pages"}],"about":[{"href":"https:\/\/www.horsemagazine.com\/thm\/wp-json\/wp\/v2\/types\/page"}],"author":[{"embeddable":true,"href":"https:\/\/www.horsemagazine.com\/thm\/wp-json\/wp\/v2\/users\/1"}],"replies":[{"embeddable":true,"href":"https:\/\/www.horsemagazine.com\/thm\/wp-json\/wp\/v2\/comments?post=15973"}],"version-history":[{"count":1,"href":"https:\/\/www.horsemagazine.com\/thm\/wp-json\/wp\/v2\/pages\/15973\/revisions"}],"predecessor-version":[{"id":15979,"href":"https:\/\/www.horsemagazine.com\/thm\/wp-json\/wp\/v2\/pages\/15973\/revisions\/15979"}],"up":[{"embeddable":true,"href":"https:\/\/www.horsemagazine.com\/thm\/wp-json\/wp\/v2\/pages\/14165"}],"wp:featuredmedia":[{"embeddable":true,"href":"https:\/\/www.horsemagazine.com\/thm\/wp-json\/wp\/v2\/media\/15978"}],"wp:attachment":[{"href":"https:\/\/www.horsemagazine.com\/thm\/wp-json\/wp\/v2\/media?parent=15973"}],"curies":[{"name":"wp","href":"https:\/\/api.w.org\/{rel}","templated":true}]}}