{"id":16443,"date":"2014-11-13T15:37:36","date_gmt":"2014-11-13T04:37:36","guid":{"rendered":"http:\/\/www.horsemagazine.com\/thm\/?page_id=16443"},"modified":"2015-01-22T11:08:55","modified_gmt":"2015-01-22T00:08:55","slug":"stahlecker-fritz","status":"publish","type":"page","link":"https:\/\/www.horsemagazine.com\/thm\/whos-who\/stahlecker-fritz\/","title":{"rendered":"Stahlecker, Fritz"},"content":{"rendered":"<p>Fritz Stahlecker, a textile engineer, lives near the Swabian Alb in Germany. He has worked with horses,\u00a0often difficult horses, since he was a child and has trained\u00a0young horses from the beginning to the most difficult dressage movements.\u00a0He is an inventor of\u00a0spinning machines (several hundreds of patents) and used to deal with complex correlations. His knowledge taken from various sources of riding literature as well as his long experience\u00a0of horse schooling made him come to practice and refine a new method of\u00a0training the very young horse. Influenced by the riding culture in France and Spain especially by the French concept of \u00a0&#8220;L\u00e9g\u00e8ret\u00e9&#8221;, this passionate amateur, who is highly respected among riders &#8211; has developed a specific and unusual method: the hand-saddle-hand-method.<\/p>\n<p>With his method which is based on recent knowledge in the field of modern equine psychology Stahlecker has trained several horses. The most successful was the stallion Weyden, member of the dressage equipe of Germany who\u00a0under his rider Sven Rothenberger won the silver medal at the Olympic Games 1996\u00a0in Atlanta in 1996 and was\u00a0winner of the bronze medal in the single dressage competition.\u00a0Many riders nowadays practice\u00a0this method and the results are impressive and convincing.<\/p>\n<p>The now retired Fritz Stahlecker dedicates his life to promote riding according to the principle of l\u00e9g\u00e8ret\u00e9 and methods of schooling horses without force.<\/p>\n<p><a title=\"www.hsh-fritz-stahlecker.de\" href=\"http:\/\/www.hsh-fritz-stahlecker.de\">www.hsh-fritz-stahlecker.de<\/a><\/p>\n","protected":false},"excerpt":{"rendered":"<p>Fritz Stahlecker, a textile engineer, lives near the Swabian Alb in Germany. He has worked with horses,\u00a0often difficult horses, since he was a child and has trained\u00a0young horses from the beginning to the most difficult dressage movements.\u00a0He is an inventor of\u00a0spinning machines (several hundreds of patents) and used to deal with complex correlations. His knowledge [&hellip;]<\/p>\n","protected":false},"author":1,"featured_media":16444,"parent":14165,"menu_order":0,"comment_status":"closed","ping_status":"open","template":"","meta":{"_acf_changed":false,"nf_dc_page":"","_monsterinsights_skip_tracking":false,"_monsterinsights_sitenote_active":false,"_monsterinsights_sitenote_note":"","_monsterinsights_sitenote_category":0,"footnotes":""},"class_list":["post-16443","page","type-page","status-publish","has-post-thumbnail","hentry"],"acf":[],"post_mailing_queue_ids":[],"_links":{"self":[{"href":"https:\/\/www.horsemagazine.com\/thm\/wp-json\/wp\/v2\/pages\/16443","targetHints":{"allow":["GET"]}}],"collection":[{"href":"https:\/\/www.horsemagazine.com\/thm\/wp-json\/wp\/v2\/pages"}],"about":[{"href":"https:\/\/www.horsemagazine.com\/thm\/wp-json\/wp\/v2\/types\/page"}],"author":[{"embeddable":true,"href":"https:\/\/www.horsemagazine.com\/thm\/wp-json\/wp\/v2\/users\/1"}],"replies":[{"embeddable":true,"href":"https:\/\/www.horsemagazine.com\/thm\/wp-json\/wp\/v2\/comments?post=16443"}],"version-history":[{"count":1,"href":"https:\/\/www.horsemagazine.com\/thm\/wp-json\/wp\/v2\/pages\/16443\/revisions"}],"predecessor-version":[{"id":16445,"href":"https:\/\/www.horsemagazine.com\/thm\/wp-json\/wp\/v2\/pages\/16443\/revisions\/16445"}],"up":[{"embeddable":true,"href":"https:\/\/www.horsemagazine.com\/thm\/wp-json\/wp\/v2\/pages\/14165"}],"wp:featuredmedia":[{"embeddable":true,"href":"https:\/\/www.horsemagazine.com\/thm\/wp-json\/wp\/v2\/media\/16444"}],"wp:attachment":[{"href":"https:\/\/www.horsemagazine.com\/thm\/wp-json\/wp\/v2\/media?parent=16443"}],"curies":[{"name":"wp","href":"https:\/\/api.w.org\/{rel}","templated":true}]}}