{"id":18205,"date":"2014-12-03T16:47:47","date_gmt":"2014-12-03T05:47:47","guid":{"rendered":"http:\/\/www.horsemagazine.com\/thm\/?page_id=18205"},"modified":"2015-01-22T11:09:12","modified_gmt":"2015-01-22T00:09:12","slug":"thormahlen-harm","status":"publish","type":"page","link":"https:\/\/www.horsemagazine.com\/thm\/whos-who\/thormahlen-harm\/","title":{"rendered":"Thorm\u00e4hlen, Harm"},"content":{"rendered":"<p>Harm Thorm\u00e4hlen followed in the footsteps of his father Rheder, who made Hof Thorm\u00e4hlen one of the most important sport horse trading stables in Europe within just a very short time. Riders such as Fritz Thiedemann, Alwin Schockem\u00f6hle, Hans G\u00fcnter Winkler and Hartwig Steenken were among his customers.<\/p>\n<p>Harm Thorm\u00e4hlen placed in the German Championships for young riders at the age of 16 and competed in his first Grand Prix at the age of 18. His ability with difficult horses was well known, even though his father taught him to ride with just three comments: &#8220;good, lousy, forwards.&#8221;<\/p>\n<p>However, the farm was for selling horses, if they were successful, they were sold, and more and more, Harm\u2019s focus turned to breeding, an interest aroused by Hartwig Steenken and in-depth meetings with Werner and Alwin Schockem\u00f6hle. However, once again, his father, Rheder had established the basis, buying some of the top jumping mares as they came out of the sport.<\/p>\n<p>Harm Thorm\u00e4hlen took over the farm in Langenhals near Kollmar in 1973 as a trained farmer, by then he and his father had already been greatly successful in modern sport horse breeding.<\/p>\n<p>Together with his wife Ingela, Harm Thorm\u00e4hlen has turned the operation entirely to breeding, raising, training and selling sport horses\u00a0 \u2013 and riders and sponsors from all over the world are among his highly satisfied customers.\u00a0Harm Thorm\u00e4hlen has bred many Olympic Games and Championship winners. Harm chose to breed exclusively with the lines 104 A, 3615 and 173 and his stud produced well-known champions such as Capitol, Retina, Come On (Ludger Beerbaum, Ralf Schneider, Princess Haya) and Cera (Otto Becker).<\/p>\n<p>His expert advice is also much appreciated: Harm Thorm\u00e4hlen is a member of the licensing committee of\u00a0 Springpferdezuchtverband Oldenburg-International (OS) and Studbook Zangersheide and he is a replacement commissioner for the Holstein Verband.<\/p>\n<p>The legendary breeder and former competitor Harm Thorm\u00e4hlen expressed his criticism of the younger generation of riders in an interview with the Dutch publication De Paardenkrant: \u201cSo many young riders are not willing to improve, they are not riding enough and they are reluctant to learn.\u201d<\/p>\n<p>Harm criticizes that the young generation is often incapable of adequately training young horses that have a bit of blood. The more experienced top riders don\u2019t have the time left if they are competing up to four days a week.<\/p>\n<p>Modern performance horses are sensitive, intelligent and sometimes a bit quirky, putting the onus on a quality education and training to further their talent and bring them into the sport. But Harm believes that most young riders just don\u2019t want to deal with potential problems, \u201cTheir families have too much money, the kids cannot be bothered with training their horses or spending time with a difficult mount, they want to compete and win prize money, immediately.\u201d<\/p>\n<p>Harm mentions his former employee, Alwin Schockem\u00f6hle as a prime example for an exemplary attitude. Alwin was constantly striving to improve his riding; he was always motivated and eager to learn and not too proud to muck out the stables in between. Harm also hosted the Swedish riders, Jens und Peder Fredricson. Their riding was only average to begin with, but through hard work and diligence they eventually competed at Olympic level.<\/p>\n<p>\u201cThe whole world demands intelligent and modern sport horses with a bit of blood, but hardly anybody has the capacity, the nerve and patience to work with these horses on a long-term basis.\u201d<\/p>\n<p>&nbsp;<\/p>\n","protected":false},"excerpt":{"rendered":"<p>Harm Thorm\u00e4hlen followed in the footsteps of his father Rheder, who made Hof Thorm\u00e4hlen one of the most important sport horse trading stables in Europe within just a very short time. Riders such as Fritz Thiedemann, Alwin Schockem\u00f6hle, Hans G\u00fcnter Winkler and Hartwig Steenken were among his customers. Harm Thorm\u00e4hlen placed in the German Championships [&hellip;]<\/p>\n","protected":false},"author":1,"featured_media":18206,"parent":14165,"menu_order":0,"comment_status":"closed","ping_status":"open","template":"","meta":{"_acf_changed":false,"nf_dc_page":"","_monsterinsights_skip_tracking":false,"_monsterinsights_sitenote_active":false,"_monsterinsights_sitenote_note":"","_monsterinsights_sitenote_category":0,"footnotes":""},"class_list":["post-18205","page","type-page","status-publish","has-post-thumbnail","hentry"],"acf":[],"post_mailing_queue_ids":[],"_links":{"self":[{"href":"https:\/\/www.horsemagazine.com\/thm\/wp-json\/wp\/v2\/pages\/18205","targetHints":{"allow":["GET"]}}],"collection":[{"href":"https:\/\/www.horsemagazine.com\/thm\/wp-json\/wp\/v2\/pages"}],"about":[{"href":"https:\/\/www.horsemagazine.com\/thm\/wp-json\/wp\/v2\/types\/page"}],"author":[{"embeddable":true,"href":"https:\/\/www.horsemagazine.com\/thm\/wp-json\/wp\/v2\/users\/1"}],"replies":[{"embeddable":true,"href":"https:\/\/www.horsemagazine.com\/thm\/wp-json\/wp\/v2\/comments?post=18205"}],"version-history":[{"count":1,"href":"https:\/\/www.horsemagazine.com\/thm\/wp-json\/wp\/v2\/pages\/18205\/revisions"}],"predecessor-version":[{"id":18207,"href":"https:\/\/www.horsemagazine.com\/thm\/wp-json\/wp\/v2\/pages\/18205\/revisions\/18207"}],"up":[{"embeddable":true,"href":"https:\/\/www.horsemagazine.com\/thm\/wp-json\/wp\/v2\/pages\/14165"}],"wp:featuredmedia":[{"embeddable":true,"href":"https:\/\/www.horsemagazine.com\/thm\/wp-json\/wp\/v2\/media\/18206"}],"wp:attachment":[{"href":"https:\/\/www.horsemagazine.com\/thm\/wp-json\/wp\/v2\/media?parent=18205"}],"curies":[{"name":"wp","href":"https:\/\/api.w.org\/{rel}","templated":true}]}}